{"id":300,"date":"2023-10-01T13:04:39","date_gmt":"2023-10-01T13:04:39","guid":{"rendered":"https:\/\/www.lublin-gamedev.pl\/?page_id=300"},"modified":"2023-10-01T16:38:30","modified_gmt":"2023-10-01T16:38:30","slug":"kontakt","status":"publish","type":"page","link":"https:\/\/www.lublin-gamedev.pl\/en\/kontakt\/","title":{"rendered":"Contact"},"content":{"rendered":"<p>[et_pb_section fb_built=&#8221;1&#8243; _builder_version=&#8221;4.22.2&#8243; background_color=&#8221;#105942&#8243; background_enable_image=&#8221;off&#8221; custom_margin=&#8221;||||false&#8221; custom_padding=&#8221;2vw||4vw||false|false&#8221; global_colors_info=&#8221;{}&#8221;][et_pb_row _builder_version=&#8221;4.22.2&#8243; background_color=&#8221;RGBA(255,255,255,0)&#8221; animation_style=&#8221;fade&#8221; global_colors_info=&#8221;{}&#8221;][et_pb_column type=&#8221;4_4&#8243; _builder_version=&#8221;4.16&#8243; custom_padding=&#8221;|||&#8221; global_colors_info=&#8221;{}&#8221; custom_padding__hover=&#8221;|||&#8221;][et_pb_text _builder_version=&#8221;4.22.2&#8243; text_font=&#8221;Montserrat|500|||||||&#8221; text_text_color=&#8221;#FFFFFF&#8221; text_font_size=&#8221;18px&#8221; text_line_height=&#8221;2em&#8221; header_font=&#8221;Montserrat|600|||||||&#8221; header_text_color=&#8221;#FFFFFF&#8221; header_font_size=&#8221;50px&#8221; header_line_height=&#8221;1.4em&#8221; text_orientation=&#8221;center&#8221; max_width=&#8221;700px&#8221; module_alignment=&#8221;center&#8221; header_font_size_tablet=&#8221;40px&#8221; header_font_size_phone=&#8221;32px&#8221; header_font_size_last_edited=&#8221;on|desktop&#8221; global_colors_info=&#8221;{}&#8221;]<\/p>\n<h1>Join us!<\/h1>\n<p>Interesujesz si\u0119 tworzeniem gier? Chcesz zwalidowa\u0107 sw\u00f3j pomys\u0142? A mo\u017ce masz pomys\u0142 na wydarzenie, kt\u00f3re mogliby\u015bmy wsp\u00f3lnie zorganizowa\u0107? Przyjd\u017a na nasze spotkanie lub odezwij si\u0119 do nas online![\/et_pb_text][\/et_pb_column][\/et_pb_row][\/et_pb_section][et_pb_section fb_built=&#8221;1&#8243; _builder_version=&#8221;4.22.2&#8243; _module_preset=&#8221;default&#8221; custom_padding=&#8221;0vw||0vw||true|false&#8221; global_colors_info=&#8221;{}&#8221;][et_pb_row column_structure=&#8221;1_3,1_3,1_3&#8243; use_custom_gutter=&#8221;on&#8221; gutter_width=&#8221;2&#8243; admin_label=&#8221;Contact Info&#8221; _builder_version=&#8221;4.18.0&#8243; background_size=&#8221;initial&#8221; background_position=&#8221;top_center&#8221; background_repeat=&#8221;repeat&#8221; custom_margin=&#8221;|auto|36px|auto||&#8221; custom_padding=&#8221;|||&#8221; global_colors_info=&#8221;{}&#8221;][et_pb_column type=&#8221;1_3&#8243; _builder_version=&#8221;4.16&#8243; custom_padding=&#8221;|||&#8221; custom_padding_tablet=&#8221;|||0px&#8221; custom_padding_last_edited=&#8221;off|desktop&#8221; global_colors_info=&#8221;{}&#8221; padding_tablet=&#8221;|||0px&#8221; padding_last_edited=&#8221;off|desktop&#8221; custom_padding__hover=&#8221;|||&#8221;][et_pb_blurb title=&#8221;Email&#8221; use_icon=&#8221;on&#8221; font_icon=&#8221;&#xe076;||divi||400&#8243; icon_color=&#8221;#ffffff&#8221; image_icon_background_color=&#8221;#105942&#8243; image_icon_width=&#8221;30px&#8221; _builder_version=&#8221;4.22.2&#8243; header_font=&#8221;Merriweather|700|||||||&#8221; header_text_color=&#8221;#105942&#8243; header_font_size=&#8221;20px&#8221; header_line_height=&#8221;2em&#8221; body_font=&#8221;||||||||&#8221; body_font_size=&#8221;16px&#8221; body_line_height=&#8221;1.8em&#8221; background_color=&#8221;#ffffff&#8221; image_icon_custom_padding=&#8221;25px|25px|25px|25px|false|false&#8221; text_orientation=&#8221;center&#8221; custom_margin=&#8221;-100px|||&#8221; custom_margin_tablet=&#8221;0px|||&#8221; custom_margin_phone=&#8221;&#8221; custom_margin_last_edited=&#8221;on|tablet&#8221; custom_padding=&#8221;40px|30px|40px|30px&#8221; animation_style=&#8221;zoom&#8221; animation_intensity_zoom=&#8221;20%&#8221; border_color_all=&#8221;#e1e3e5&#8243; border_radii_image=&#8221;on|100%|100%|100%|100%&#8221; box_shadow_style=&#8221;preset3&#8243; box_shadow_color=&#8221;rgba(16,89,66,0.53)&#8221; icon_font_size=&#8221;30px&#8221; use_circle=&#8221;on&#8221; circle_color=&#8221;#bcc2cd&#8221; global_colors_info=&#8221;{}&#8221; image_icon_background_color__sticky_enabled=&#8221;#7EBEC5&#8243; image_icon_background_color__sticky=&#8221;#7EBEC5&#8243;]<\/p>\n<p>kontakt@lublin-gamedev.pl<\/p>\n<p>[\/et_pb_blurb][\/et_pb_column][et_pb_column type=&#8221;1_3&#8243; _builder_version=&#8221;4.16&#8243; custom_padding=&#8221;|||&#8221; custom_padding_tablet=&#8221;|0px||0px&#8221; custom_padding_last_edited=&#8221;off|desktop&#8221; global_colors_info=&#8221;{}&#8221; padding_tablet=&#8221;|0px||0px&#8221; padding_last_edited=&#8221;off|desktop&#8221; custom_padding__hover=&#8221;|||&#8221;][et_pb_blurb title=&#8221;Facebook&#8221; use_icon=&#8221;on&#8221; font_icon=&#8221;&#xe093;||divi||400&#8243; icon_color=&#8221;#ffffff&#8221; image_icon_background_color=&#8221;#105942&#8243; image_icon_width=&#8221;30px&#8221; _builder_version=&#8221;4.18.0&#8243; header_font=&#8221;Merriweather|700|||||||&#8221; header_text_color=&#8221;#105942&#8243; header_font_size=&#8221;20px&#8221; header_line_height=&#8221;2em&#8221; body_font=&#8221;||||||||&#8221; body_font_size=&#8221;16px&#8221; body_line_height=&#8221;1.8em&#8221; image_icon_custom_padding=&#8221;25px|25px|25px|25px|false|false&#8221; text_orientation=&#8221;center&#8221; custom_margin=&#8221;-100px|||&#8221; custom_margin_tablet=&#8221;0px|||&#8221; custom_margin_phone=&#8221;&#8221; custom_margin_last_edited=&#8221;on|tablet&#8221; custom_padding=&#8221;40px|30px|40px|30px&#8221; animation_style=&#8221;zoom&#8221; animation_intensity_zoom=&#8221;20%&#8221; border_color_all=&#8221;#e1e3e5&#8243; border_radii_image=&#8221;on|100%|100%|100%|100%&#8221; box_shadow_style=&#8221;preset3&#8243; icon_font_size=&#8221;30px&#8221; use_circle=&#8221;on&#8221; circle_color=&#8221;#bcc2cd&#8221; global_colors_info=&#8221;{}&#8221; image_icon_background_color__sticky_enabled=&#8221;#7EBEC5&#8243; image_icon_background_color__sticky=&#8221;#7EBEC5&#8243; background_color=&#8221;#ffffff&#8221; box_shadow_color=&#8221;rgba(16,89,66,0.53)&#8221;]<\/p>\n<p><a href=\"https:\/\/www.facebook.com\/LublinGameDev\/\">@LublinGameDev<\/a><\/p>\n<p>[\/et_pb_blurb][\/et_pb_column][et_pb_column type=&#8221;1_3&#8243; _builder_version=&#8221;4.18.0&#8243; _module_preset=&#8221;default&#8221; global_colors_info=&#8221;{}&#8221;][et_pb_blurb title=&#8221;Discord&#8221; use_icon=&#8221;on&#8221; font_icon=&#8221;&#xf392;||fa||400&#8243; icon_color=&#8221;#ffffff&#8221; image_icon_background_color=&#8221;#105942&#8243; image_icon_width=&#8221;30px&#8221; _builder_version=&#8221;4.18.0&#8243; header_font=&#8221;Merriweather|700|||||||&#8221; header_text_color=&#8221;#105942&#8243; header_font_size=&#8221;20px&#8221; header_line_height=&#8221;2em&#8221; body_font=&#8221;||||||||&#8221; body_font_size=&#8221;16px&#8221; body_line_height=&#8221;1.8em&#8221; image_icon_custom_padding=&#8221;25px|25px|25px|25px|false|false&#8221; text_orientation=&#8221;center&#8221; custom_margin=&#8221;-100px|||&#8221; custom_margin_tablet=&#8221;0px|||&#8221; custom_margin_phone=&#8221;&#8221; custom_margin_last_edited=&#8221;on|tablet&#8221; custom_padding=&#8221;40px|30px|40px|30px&#8221; animation_style=&#8221;zoom&#8221; animation_intensity_zoom=&#8221;20%&#8221; border_color_all=&#8221;#e1e3e5&#8243; border_radii_image=&#8221;on|100%|100%|100%|100%&#8221; box_shadow_style=&#8221;preset3&#8243; icon_font_size=&#8221;30px&#8221; use_circle=&#8221;on&#8221; circle_color=&#8221;#bcc2cd&#8221; global_colors_info=&#8221;{}&#8221; image_icon_background_color__sticky_enabled=&#8221;#7EBEC5&#8243; image_icon_background_color__sticky=&#8221;#7EBEC5&#8243; background_color=&#8221;#ffffff&#8221; box_shadow_color=&#8221;rgba(16,89,66,0.53)&#8221;]<\/p>\n<p><a href=\"https:\/\/discord.gg\/QqDpxsH7cX\">join the server<\/a><\/p>\n<p>[\/et_pb_blurb][\/et_pb_column][\/et_pb_row][\/et_pb_section][et_pb_section fb_built=&#8221;1&#8243; custom_padding_last_edited=&#8221;on|tablet&#8221; admin_label=&#8221;How it Works&#8221; _builder_version=&#8221;4.22.2&#8243; background_color=&#8221;rgba(199,234,69,0.22)&#8221; background_enable_image=&#8221;off&#8221; parallax=&#8221;on&#8221; custom_padding=&#8221;100px|0px|100px|0px|true|false&#8221; custom_padding_tablet=&#8221;40px||40px||true&#8221; custom_padding_phone=&#8221;&#8221; global_colors_info=&#8221;{}&#8221;][et_pb_row column_structure=&#8221;1_3,1_3,1_3&#8243; _builder_version=&#8221;4.22.2&#8243; global_colors_info=&#8221;{}&#8221;][et_pb_column type=&#8221;1_3&#8243; _builder_version=&#8221;4.22.2&#8243; _module_preset=&#8221;default&#8221; global_colors_info=&#8221;{}&#8221;][et_pb_text _builder_version=&#8221;4.22.2&#8243; text_font=&#8221;||||||||&#8221; text_font_size=&#8221;16px&#8221; text_line_height=&#8221;2em&#8221; header_font=&#8221;||||||||&#8221; header_2_font=&#8221;Montserrat|300|||||||&#8221; header_2_font_size=&#8221;40px&#8221; header_2_line_height=&#8221;1.4em&#8221; header_5_font=&#8221;||||||||&#8221; header_5_text_color=&#8221;#7f8dff&#8221; header_5_line_height=&#8221;2em&#8221; text_orientation=&#8221;center&#8221; max_width=&#8221;700px&#8221; module_alignment=&#8221;center&#8221; header_2_font_size_tablet=&#8221;&#8221; header_2_font_size_phone=&#8221;30px&#8221; header_2_font_size_last_edited=&#8221;on|phone&#8221; locked=&#8221;off&#8221; global_colors_info=&#8221;{}&#8221;]<\/p>\n<h2>Dane Fundacji<\/h2>\n<p>[\/et_pb_text][\/et_pb_column][et_pb_column type=&#8221;1_3&#8243; _builder_version=&#8221;4.16&#8243; custom_padding=&#8221;|||&#8221; custom_padding_tablet=&#8221;|10%||10%||true&#8221; global_colors_info=&#8221;{}&#8221; padding_tablet=&#8221;|10%||10%||true&#8221; custom_padding__hover=&#8221;|||&#8221;][et_pb_cta title=&#8221;Fundacja Lublin GameDev&#8221; button_url=&#8221;#&#8221; _builder_version=&#8221;4.22.2&#8243; header_font=&#8221;Montserrat|600|||||||&#8221; header_line_height=&#8221;1.5em&#8221; body_font=&#8221;||||||||&#8221; body_font_size=&#8221;16px&#8221; body_line_height=&#8221;2em&#8221; use_background_color=&#8221;off&#8221; custom_button=&#8221;on&#8221; button_text_size=&#8221;14px&#8221; button_text_color=&#8221;#7f8dff&#8221; button_bg_color=&#8221;#ffffff&#8221; button_border_width=&#8221;3px&#8221; button_border_color=&#8221;#7f8dff&#8221; button_border_radius=&#8221;100px&#8221; button_letter_spacing=&#8221;2px&#8221; button_font=&#8221;Montserrat|||on|||||&#8221; text_orientation=&#8221;left&#8221; background_layout=&#8221;light&#8221; box_shadow_style_button=&#8221;preset3&#8243; box_shadow_color_button=&#8221;rgba(127,141,255,0.4)&#8221; button_letter_spacing_hover=&#8221;2px&#8221; locked=&#8221;off&#8221; global_colors_info=&#8221;{}&#8221; button_text_size__hover_enabled=&#8221;off&#8221; button_one_text_size__hover_enabled=&#8221;off&#8221; button_two_text_size__hover_enabled=&#8221;off&#8221; button_text_color__hover_enabled=&#8221;off&#8221; button_one_text_color__hover_enabled=&#8221;off&#8221; button_two_text_color__hover_enabled=&#8221;off&#8221; button_border_width__hover_enabled=&#8221;off&#8221; button_one_border_width__hover_enabled=&#8221;off&#8221; button_two_border_width__hover_enabled=&#8221;off&#8221; button_border_color__hover_enabled=&#8221;off&#8221; button_one_border_color__hover_enabled=&#8221;off&#8221; button_two_border_color__hover_enabled=&#8221;off&#8221; button_border_radius__hover_enabled=&#8221;off&#8221; button_one_border_radius__hover_enabled=&#8221;off&#8221; button_two_border_radius__hover_enabled=&#8221;off&#8221; button_letter_spacing__hover_enabled=&#8221;on&#8221; button_letter_spacing__hover=&#8221;2px&#8221; button_one_letter_spacing__hover_enabled=&#8221;off&#8221; button_two_letter_spacing__hover_enabled=&#8221;off&#8221; button_bg_color__hover_enabled=&#8221;off&#8221; button_one_bg_color__hover_enabled=&#8221;off&#8221; button_two_bg_color__hover_enabled=&#8221;off&#8221;]Wojciechowska 14\/2<br \/>\n20-704 Lublin[\/et_pb_cta][\/et_pb_column][et_pb_column type=&#8221;1_3&#8243; _builder_version=&#8221;4.16&#8243; custom_padding=&#8221;|||&#8221; custom_padding_tablet=&#8221;|10%||10%||true&#8221; global_colors_info=&#8221;{}&#8221; padding_tablet=&#8221;|10%||10%||true&#8221; custom_padding__hover=&#8221;|||&#8221;][et_pb_cta button_url=&#8221;#&#8221; _builder_version=&#8221;4.22.2&#8243; header_font=&#8221;Montserrat|600|||||||&#8221; header_line_height=&#8221;1.5em&#8221; body_font=&#8221;||||||||&#8221; body_font_size=&#8221;16px&#8221; body_line_height=&#8221;2em&#8221; use_background_color=&#8221;off&#8221; custom_button=&#8221;on&#8221; button_text_size=&#8221;14px&#8221; button_text_color=&#8221;#7f8dff&#8221; button_bg_color=&#8221;#ffffff&#8221; button_border_width=&#8221;3px&#8221; button_border_color=&#8221;#7f8dff&#8221; button_border_radius=&#8221;100px&#8221; button_letter_spacing=&#8221;2px&#8221; button_font=&#8221;Montserrat|||on|||||&#8221; text_orientation=&#8221;left&#8221; background_layout=&#8221;light&#8221; box_shadow_style_button=&#8221;preset3&#8243; box_shadow_color_button=&#8221;rgba(127,141,255,0.4)&#8221; button_letter_spacing_hover=&#8221;2px&#8221; locked=&#8221;off&#8221; global_colors_info=&#8221;{}&#8221; button_text_size__hover_enabled=&#8221;off&#8221; button_one_text_size__hover_enabled=&#8221;off&#8221; button_two_text_size__hover_enabled=&#8221;off&#8221; button_text_color__hover_enabled=&#8221;off&#8221; button_one_text_color__hover_enabled=&#8221;off&#8221; button_two_text_color__hover_enabled=&#8221;off&#8221; button_border_width__hover_enabled=&#8221;off&#8221; button_one_border_width__hover_enabled=&#8221;off&#8221; button_two_border_width__hover_enabled=&#8221;off&#8221; button_border_color__hover_enabled=&#8221;off&#8221; button_one_border_color__hover_enabled=&#8221;off&#8221; button_two_border_color__hover_enabled=&#8221;off&#8221; button_border_radius__hover_enabled=&#8221;off&#8221; button_one_border_radius__hover_enabled=&#8221;off&#8221; button_two_border_radius__hover_enabled=&#8221;off&#8221; button_letter_spacing__hover_enabled=&#8221;on&#8221; button_letter_spacing__hover=&#8221;2px&#8221; button_one_letter_spacing__hover_enabled=&#8221;off&#8221; button_two_letter_spacing__hover_enabled=&#8221;off&#8221; button_bg_color__hover_enabled=&#8221;off&#8221; button_one_bg_color__hover_enabled=&#8221;off&#8221; button_two_bg_color__hover_enabled=&#8221;off&#8221;]<strong>KRS<\/strong> 0000562432<br \/>\n<strong>NIP<\/strong> 9462653267<br \/>\n<strong>REGON<\/strong> 361742704[\/et_pb_cta][\/et_pb_column][\/et_pb_row][\/et_pb_section][et_pb_section fb_built=&#8221;1&#8243; admin_label=&#8221;Footer&#8221; _builder_version=&#8221;4.16&#8243; global_colors_info=&#8221;{}&#8221;][et_pb_row _builder_version=&#8221;4.16&#8243; locked=&#8221;off&#8221; global_colors_info=&#8221;{}&#8221;][et_pb_column type=&#8221;4_4&#8243; _builder_version=&#8221;4.16&#8243; custom_padding=&#8221;|||&#8221; global_colors_info=&#8221;{}&#8221; custom_padding__hover=&#8221;|||&#8221;][et_pb_text _builder_version=&#8221;4.22.2&#8243; text_font=&#8221;||||||||&#8221; text_font_size=&#8221;16px&#8221; text_line_height=&#8221;2em&#8221; header_font=&#8221;||||||||&#8221; header_2_font=&#8221;Montserrat|300|||||||&#8221; header_2_font_size=&#8221;40px&#8221; header_2_line_height=&#8221;1.4em&#8221; header_5_font=&#8221;||||||||&#8221; header_5_text_color=&#8221;#7f8dff&#8221; header_5_line_height=&#8221;2em&#8221; text_orientation=&#8221;center&#8221; max_width=&#8221;700px&#8221; module_alignment=&#8221;center&#8221; header_2_font_size_tablet=&#8221;&#8221; header_2_font_size_phone=&#8221;30px&#8221; header_2_font_size_last_edited=&#8221;on|phone&#8221; locked=&#8221;off&#8221; global_colors_info=&#8221;{}&#8221;]<\/p>\n<h2>Wy\u015blij nam\u00a0Wiadomo\u015b\u0107<\/h2>\n<p>Do you have a question? Go ahead!<\/p>\n<p>Ch\u0119tnie nawi\u0105zujemy nowe kontakty :)[\/et_pb_text][\/et_pb_column][\/et_pb_row][et_pb_row column_structure=&#8221;2_3,1_3&#8243; _builder_version=&#8221;4.16&#8243; global_colors_info=&#8221;{}&#8221;][et_pb_column type=&#8221;2_3&#8243; _builder_version=&#8221;4.16&#8243; custom_padding=&#8221;|||&#8221; global_colors_info=&#8221;{}&#8221; custom_padding__hover=&#8221;|||&#8221;][et_pb_contact_form captcha=&#8221;off&#8221; email=&#8221;kontakt@lublin-gamedev.pl&#8221; custom_message=&#8221;Wiadomo\u015b\u0107 z formularza strony internetowej||et_pb_line_break_holder||||et_pb_line_break_holder||Imie: %%Name%%||et_pb_line_break_holder||Email: %%Email_Address%%||et_pb_line_break_holder||Tre\u015b\u0107: %%Message%%&#8221; submit_button_text=&#8221;Wy\u015blij&#8221; module_id=&#8221;et_pb_contact_form_0&#8243; _builder_version=&#8221;4.22.2&#8243; form_field_background_color=&#8221;rgba(0,0,0,0)&#8221; form_field_font=&#8221;||||||||&#8221; custom_button=&#8221;on&#8221; button_text_size=&#8221;14px&#8221; button_text_color=&#8221;#ffffff&#8221; button_bg_color=&#8221;#105942&#8243; button_border_width=&#8221;8px&#8221; button_border_color=&#8221;rgba(0,0,0,0)&#8221; button_border_radius=&#8221;100px&#8221; button_letter_spacing=&#8221;2px&#8221; button_font=&#8221;Montserrat|||on|||||&#8221; border_radii=&#8221;on|10px|10px|10px|10px&#8221; border_width_all=&#8221;2px&#8221; border_color_all=&#8221;rgba(0,0,0,0.06)&#8221; form_background_color=&#8221;rgba(0,0,0,0)&#8221; global_colors_info=&#8221;{}&#8221;][et_pb_contact_field field_id=&#8221;Name&#8221; field_title=&#8221;Imi\u0119&#8221; _builder_version=&#8221;4.22.2&#8243; global_colors_info=&#8221;{}&#8221; button_text_size__hover_enabled=&#8221;off&#8221; button_one_text_size__hover_enabled=&#8221;off&#8221; button_two_text_size__hover_enabled=&#8221;off&#8221; button_text_color__hover_enabled=&#8221;off&#8221; button_one_text_color__hover_enabled=&#8221;off&#8221; button_two_text_color__hover_enabled=&#8221;off&#8221; button_border_width__hover_enabled=&#8221;off&#8221; button_one_border_width__hover_enabled=&#8221;off&#8221; button_two_border_width__hover_enabled=&#8221;off&#8221; button_border_color__hover_enabled=&#8221;off&#8221; button_one_border_color__hover_enabled=&#8221;off&#8221; button_two_border_color__hover_enabled=&#8221;off&#8221; button_border_radius__hover_enabled=&#8221;off&#8221; button_one_border_radius__hover_enabled=&#8221;off&#8221; button_two_border_radius__hover_enabled=&#8221;off&#8221; button_letter_spacing__hover_enabled=&#8221;off&#8221; button_one_letter_spacing__hover_enabled=&#8221;off&#8221; button_two_letter_spacing__hover_enabled=&#8221;off&#8221; button_bg_color__hover_enabled=&#8221;off&#8221; button_one_bg_color__hover_enabled=&#8221;off&#8221; button_two_bg_color__hover_enabled=&#8221;off&#8221;][\/et_pb_contact_field][et_pb_contact_field field_id=&#8221;Email_Address&#8221; field_title=&#8221;Email&#8221; field_type=&#8221;email&#8221; _builder_version=&#8221;4.22.2&#8243; global_colors_info=&#8221;{}&#8221; button_text_size__hover_enabled=&#8221;off&#8221; button_one_text_size__hover_enabled=&#8221;off&#8221; button_two_text_size__hover_enabled=&#8221;off&#8221; button_text_color__hover_enabled=&#8221;off&#8221; button_one_text_color__hover_enabled=&#8221;off&#8221; button_two_text_color__hover_enabled=&#8221;off&#8221; button_border_width__hover_enabled=&#8221;off&#8221; button_one_border_width__hover_enabled=&#8221;off&#8221; button_two_border_width__hover_enabled=&#8221;off&#8221; button_border_color__hover_enabled=&#8221;off&#8221; button_one_border_color__hover_enabled=&#8221;off&#8221; button_two_border_color__hover_enabled=&#8221;off&#8221; button_border_radius__hover_enabled=&#8221;off&#8221; button_one_border_radius__hover_enabled=&#8221;off&#8221; button_two_border_radius__hover_enabled=&#8221;off&#8221; button_letter_spacing__hover_enabled=&#8221;off&#8221; button_one_letter_spacing__hover_enabled=&#8221;off&#8221; button_two_letter_spacing__hover_enabled=&#8221;off&#8221; button_bg_color__hover_enabled=&#8221;off&#8221; button_one_bg_color__hover_enabled=&#8221;off&#8221; button_two_bg_color__hover_enabled=&#8221;off&#8221;][\/et_pb_contact_field][et_pb_contact_field field_id=&#8221;Message&#8221; field_title=&#8221;Wiadomo\u015b\u0107&#8221; field_type=&#8221;text&#8221; fullwidth_field=&#8221;on&#8221; _builder_version=&#8221;4.22.2&#8243; global_colors_info=&#8221;{}&#8221; button_text_size__hover_enabled=&#8221;off&#8221; button_one_text_size__hover_enabled=&#8221;off&#8221; button_two_text_size__hover_enabled=&#8221;off&#8221; button_text_color__hover_enabled=&#8221;off&#8221; button_one_text_color__hover_enabled=&#8221;off&#8221; button_two_text_color__hover_enabled=&#8221;off&#8221; button_border_width__hover_enabled=&#8221;off&#8221; button_one_border_width__hover_enabled=&#8221;off&#8221; button_two_border_width__hover_enabled=&#8221;off&#8221; button_border_color__hover_enabled=&#8221;off&#8221; button_one_border_color__hover_enabled=&#8221;off&#8221; button_two_border_color__hover_enabled=&#8221;off&#8221; button_border_radius__hover_enabled=&#8221;off&#8221; button_one_border_radius__hover_enabled=&#8221;off&#8221; button_two_border_radius__hover_enabled=&#8221;off&#8221; button_letter_spacing__hover_enabled=&#8221;off&#8221; button_one_letter_spacing__hover_enabled=&#8221;off&#8221; button_two_letter_spacing__hover_enabled=&#8221;off&#8221; button_bg_color__hover_enabled=&#8221;off&#8221; button_one_bg_color__hover_enabled=&#8221;off&#8221; button_two_bg_color__hover_enabled=&#8221;off&#8221;][\/et_pb_contact_field][\/et_pb_contact_form][\/et_pb_column][et_pb_column type=&#8221;1_3&#8243; _builder_version=&#8221;4.16&#8243; custom_padding=&#8221;|||&#8221; global_colors_info=&#8221;{}&#8221; custom_padding__hover=&#8221;|||&#8221;][et_pb_image src=&#8221;https:\/\/www.lublin-gamedev.pl\/wp-content\/uploads\/2022\/09\/undraw_video_game_night_8h8m_prev_ui-4.png&#8221; title_text=&#8221;undraw_video_game_night_8h8m_prev_ui (4)&#8221; _builder_version=&#8221;4.22.2&#8243; _module_preset=&#8221;default&#8221; global_colors_info=&#8221;{}&#8221;][\/et_pb_image][\/et_pb_column][\/et_pb_row][\/et_pb_section]<\/p>","protected":false},"excerpt":{"rendered":"<p>Do\u0142\u0105cz do nas! Interesujesz si\u0119 tworzeniem gier? Chcesz zwalidowa\u0107 sw\u00f3j pomys\u0142? A mo\u017ce masz pomys\u0142 na wydarzenie, kt\u00f3re mogliby\u015bmy wsp\u00f3lnie zorganizowa\u0107? Przyjd\u017a na nasze spotkanie lub odezwij si\u0119 do nas online!kontakt@lublin-gamedev.pl@LublinGameDevdo\u0142\u0105cz do serweraDane FundacjiWojciechowska 14\/2 20-704 LublinKRS 0000562432 NIP 9462653267 REGON 361742704Wy\u015blij nam\u00a0Wiadomo\u015b\u0107 Masz jakie\u015b niestandardowe pytanie? \u015amia\u0142o! Ch\u0119tnie nawi\u0105zujemy nowe kontakty \ud83d\ude42<\/p>","protected":false},"author":2,"featured_media":0,"parent":0,"menu_order":0,"comment_status":"closed","ping_status":"closed","template":"","meta":{"_et_pb_use_builder":"on","_et_pb_old_content":"","_et_gb_content_width":"","om_disable_all_campaigns":false,"_monsterinsights_skip_tracking":false,"_monsterinsights_sitenote_active":false,"_monsterinsights_sitenote_note":"","_monsterinsights_sitenote_category":0,"footnotes":""},"class_list":["post-300","page","type-page","status-publish","hentry"],"aioseo_notices":[],"_links":{"self":[{"href":"https:\/\/www.lublin-gamedev.pl\/en\/wp-json\/wp\/v2\/pages\/300","targetHints":{"allow":["GET"]}}],"collection":[{"href":"https:\/\/www.lublin-gamedev.pl\/en\/wp-json\/wp\/v2\/pages"}],"about":[{"href":"https:\/\/www.lublin-gamedev.pl\/en\/wp-json\/wp\/v2\/types\/page"}],"author":[{"embeddable":true,"href":"https:\/\/www.lublin-gamedev.pl\/en\/wp-json\/wp\/v2\/users\/2"}],"replies":[{"embeddable":true,"href":"https:\/\/www.lublin-gamedev.pl\/en\/wp-json\/wp\/v2\/comments?post=300"}],"version-history":[{"count":8,"href":"https:\/\/www.lublin-gamedev.pl\/en\/wp-json\/wp\/v2\/pages\/300\/revisions"}],"predecessor-version":[{"id":347,"href":"https:\/\/www.lublin-gamedev.pl\/en\/wp-json\/wp\/v2\/pages\/300\/revisions\/347"}],"wp:attachment":[{"href":"https:\/\/www.lublin-gamedev.pl\/en\/wp-json\/wp\/v2\/media?parent=300"}],"curies":[{"name":"wp","href":"https:\/\/api.w.org\/{rel}","templated":true}]}}