{"id":222,"date":"2023-09-26T22:58:02","date_gmt":"2023-09-26T22:58:02","guid":{"rendered":"https:\/\/www.lublin-gamedev.pl\/?page_id=222"},"modified":"2025-10-25T00:43:20","modified_gmt":"2025-10-25T00:43:20","slug":"regulamin-gamejamplus","status":"publish","type":"page","link":"https:\/\/www.lublin-gamedev.pl\/en\/regulamin-gamejamplus\/","title":{"rendered":"Regulamin GameJamPlus Poland"},"content":{"rendered":"<p>[et_pb_section fb_built=&#8221;1&#8243; admin_label=&#8221;Hero&#8221; _builder_version=&#8221;4.18.0&#8243; background_color=&#8221;#105942&#8243; background_color_gradient_direction=&#8221;271deg&#8221; custom_padding=&#8221;100px|0px|100px|0px&#8221; global_colors_info=&#8221;{}&#8221;][et_pb_row column_structure=&#8221;1_2,1_2&#8243; make_equal=&#8221;on&#8221; _builder_version=&#8221;4.16&#8243; background_size=&#8221;initial&#8221; background_position=&#8221;top_left&#8221; background_repeat=&#8221;repeat&#8221; custom_margin=&#8221;|||&#8221; custom_padding=&#8221;|||&#8221; global_colors_info=&#8221;{}&#8221;][et_pb_column type=&#8221;1_2&#8243; _builder_version=&#8221;4.16&#8243; custom_padding=&#8221;|||&#8221; custom_padding_tablet=&#8221;20px|10%|0px|10%&#8221; custom_padding_last_edited=&#8221;off|desktop&#8221; global_colors_info=&#8221;{}&#8221; padding_tablet=&#8221;20px|10%|0px|10%&#8221; padding_last_edited=&#8221;off|desktop&#8221; custom_padding__hover=&#8221;|||&#8221;][et_pb_text _builder_version=&#8221;4.22.2&#8243; text_font=&#8221;||||||||&#8221; header_font=&#8221;Merriweather|700|||||||&#8221; header_font_size=&#8221;46px&#8221; header_line_height=&#8221;1.3em&#8221; background_layout=&#8221;dark&#8221; custom_margin=&#8221;||0px|&#8221; animation_style=&#8221;flip&#8221; animation_direction=&#8221;top&#8221; global_colors_info=&#8221;{}&#8221;]<\/p>\n<h1>Regulamin GameJamPlus Poland<\/h1>\n<p>[\/et_pb_text][et_pb_divider color=&#8221;#FFFFFF&#8221; divider_position=&#8221;center&#8221; divider_weight=&#8221;2px&#8221; _builder_version=&#8221;4.18.0&#8243; max_width=&#8221;90px&#8221; max_width_tablet=&#8221;12%&#8221; max_width_last_edited=&#8221;off|desktop&#8221; custom_margin=&#8221;|||&#8221; animation_style=&#8221;flip&#8221; animation_delay=&#8221;100ms&#8221; global_colors_info=&#8221;{}&#8221;][\/et_pb_divider][\/et_pb_column][et_pb_column type=&#8221;1_2&#8243; _builder_version=&#8221;4.16&#8243; custom_padding=&#8221;|||&#8221; global_colors_info=&#8221;{}&#8221; custom_padding__hover=&#8221;|||&#8221;][\/et_pb_column][\/et_pb_row][\/et_pb_section][et_pb_section fb_built=&#8221;1&#8243; admin_label=&#8221;About&#8221; _builder_version=&#8221;4.16&#8243; custom_padding=&#8221;100px|0px|100px|0px&#8221; global_colors_info=&#8221;{}&#8221;][et_pb_row column_structure=&#8221;2_3,1_3&#8243; use_custom_gutter=&#8221;on&#8221; gutter_width=&#8221;0&#8243; _builder_version=&#8221;4.16&#8243; custom_margin=&#8221;|||&#8221; custom_padding=&#8221;|||&#8221; global_colors_info=&#8221;{}&#8221;][et_pb_column type=&#8221;2_3&#8243; _builder_version=&#8221;4.16&#8243; custom_padding=&#8221;|||&#8221; global_colors_info=&#8221;{}&#8221; custom_padding__hover=&#8221;|||&#8221;][et_pb_text _builder_version=&#8221;4.22.2&#8243; text_font=&#8221;||||||||&#8221; header_font=&#8221;||||||||&#8221; header_2_font=&#8221;Merriweather|700|||||||&#8221; header_2_font_size=&#8221;40px&#8221; header_2_line_height=&#8221;1.3em&#8221; custom_margin=&#8221;|||&#8221; custom_padding=&#8221;|||&#8221; global_colors_info=&#8221;{}&#8221;]<\/p>\n<h2>Regulamin konkursu GameJamPlus Poland<\/h2>\n<p>[\/et_pb_text][et_pb_divider color=&#8221;#105942&#8243; divider_position=&#8221;center&#8221; divider_weight=&#8221;3px&#8221; _builder_version=&#8221;4.18.0&#8243; max_width=&#8221;90px&#8221; max_width_tablet=&#8221;13%&#8221; max_width_last_edited=&#8221;off|desktop&#8221; custom_margin=&#8221;15px|||&#8221; custom_padding=&#8221;|||&#8221; global_colors_info=&#8221;{}&#8221;][\/et_pb_divider][et_pb_text admin_label=&#8221;description&#8221; _builder_version=&#8221;4.27.4&#8243; text_font=&#8221;||||||||&#8221; text_font_size=&#8221;20px&#8221; text_line_height=&#8221;1.8em&#8221; max_width_tablet=&#8221;89%&#8221; max_width_phone=&#8221;97%&#8221; max_width_last_edited=&#8221;off|desktop&#8221; custom_margin=&#8221;30px|||&#8221; custom_padding=&#8221;|||&#8221; hover_enabled=&#8221;0&#8243; global_colors_info=&#8221;{}&#8221; sticky_enabled=&#8221;0&#8243;]<\/p>\n<h2><strong>Regulamin GameJamPlus<\/strong><\/h2>\n<p><span><\/span><\/p>\n<p>Globalny Regulamin GameJamPlus (<a href=\"https:\/\/docs.google.com\/document\/d\/1JgmXgFptEVOsE4xeftkj3oQG8vdLKXYfRBp5TsZ_8Y0\/edit?usp=sharing\" target=\"_blank\" rel=\"noopener\">[EN] GJ+ 25\/26 &#8211; Survival Guide | Jammer<\/a>) ma zostosowanie do aspekt\u00f3w nie okre\u015blonych przez Regulamin GameJamPlus Poland.<\/p>\n<p>&nbsp;[\/et_pb_text][et_pb_divider _builder_version=&#8221;4.18.0&#8243; _module_preset=&#8221;default&#8221; global_colors_info=&#8221;{}&#8221;][\/et_pb_divider][et_pb_text admin_label=&#8221;description&#8221; _builder_version=&#8221;4.27.4&#8243; text_font=&#8221;||||||||&#8221; text_font_size=&#8221;20px&#8221; text_line_height=&#8221;1.8em&#8221; max_width_tablet=&#8221;89%&#8221; max_width_phone=&#8221;97%&#8221; max_width_last_edited=&#8221;off|desktop&#8221; custom_margin=&#8221;30px|||&#8221; custom_padding=&#8221;|||&#8221; global_colors_info=&#8221;{}&#8221;]<\/p>\n<h2><strong>Postanowienia og\u00f3lne<\/strong><\/h2>\n<p><span><\/span><\/p>\n<p>1. Postanowienia niniejszego regulaminu maj\u0105 zastosowanie wobec wydarzenia GameJamPlus Poland, kt\u00f3rego Organizatorem jest Fundacja Lublin GameDev z siedzib\u0105 w Lublinie przy ul. Wojciechowskiej 14\/2, 20-704 Lublin, rejestru stowarzysze\u0144, innych organizacji spo\u0142ecznych i zawodowych, fundacji oraz samodzielnych publicznych zak\u0142ad\u00f3w opieki zdrowotnej, pod numerem KRS: 0000562432.<\/p>\n<p>2. Okre\u015blenia u\u017cyte w niniejszym Regulaminie oznaczaj\u0105:<br \/>a) GameJamPlus Poland \u2013 Wydarzenie, kt\u00f3re odb\u0119dzie si\u0119 w dniach 14 \u2013 16 listopada 2025r w formie online.<br \/>b) Organizator \u2013 Fundacja Lublin GameDev z siedzib\u0105 w Lublinie przy ul. Wojciechowskiej 14\/2, 20-704 Lublin, rejestru stowarzysze\u0144, innych organizacji spo\u0142ecznych i zawodowych, fundacji oraz samodzielnych publicznych zak\u0142ad\u00f3w opieki zdrowotnej, pod numerem KRS: 0000562432.<br \/>c) Uczestnik \u2013 pe\u0142noletnia osoba fizyczna lb osoba prawna, kt\u00f3ra dokona\u0142a rejestracji na Wydarzenie poprzez formularz online dost\u0119pny na stronie internetowej <a href=\"https:\/\/workplays.it\/gamejamplus\">https:\/\/workplays.it\/gamejamplus<\/a>.<br \/>d) Istnieje mo\u017cliwo\u015b\u0107 wzi\u0119cia udzia\u0142u w GameJamPlus Poland przez osoby niepe\u0142noletnie ale tylko w towarzystwie rodzica lub pe\u0142noletniego opiekuna.<\/p>\n<p>3. Wydarzenie GameJamPlus Poland jest organizowane w ramach maratonu tworzenia gier GameJamPlus.<\/p>\n<p>&nbsp;<\/p>\n<p>[\/et_pb_text][et_pb_divider _builder_version=&#8221;4.18.0&#8243; _module_preset=&#8221;default&#8221; global_colors_info=&#8221;{}&#8221;][\/et_pb_divider][et_pb_text admin_label=&#8221;description&#8221; _builder_version=&#8221;4.27.4&#8243; text_font=&#8221;||||||||&#8221; text_font_size=&#8221;20px&#8221; text_line_height=&#8221;1.8em&#8221; max_width_tablet=&#8221;89%&#8221; max_width_phone=&#8221;97%&#8221; max_width_last_edited=&#8221;off|desktop&#8221; custom_margin=&#8221;30px|||&#8221; custom_padding=&#8221;|||&#8221; global_colors_info=&#8221;{}&#8221;]<\/p>\n<h1><strong>Zg\u0142oszenie udzia\u0142u<\/strong><\/h1>\n<p><span><\/span><\/p>\n<p>1. Wype\u0142nienie formularza zg\u0142oszeniowego oraz op\u0142acenie biletu jest jednoznaczne z zawarciem umowy z Organizatorem zgodnie z niniejszym Regulaminem. Oznacza to r\u00f3wnie\u017c akceptacj\u0119 postanowie\u0144 niniejszego Regulaminu, a tak\u017ce przestrzeganie przepis\u00f3w porz\u0105dkowych oraz wszelkich innych ustale\u0144 dokonanych mi\u0119dzy Uczestnikiem a Organizatorem.<\/p>\n<p>2. Rejestracja na wydarzenie odbywa si\u0119 jednoetapowo od 24 pa\u017adziernika do 13 listopada 2025r. (do godziny 23:59) lub do wyczerpania limitu miejsc.<\/p>\n<p>3. Uczestnicy mog\u0105 dobiera\u0107 si\u0119 w zespo\u0142y lub startowa\u0107 samodzielnie z zaznaczeniem, i\u017c w dniu rozpocz\u0119cia Wydarzenia zg\u0142osz\u0105 swoje zespo\u0142y Organizatorowi.<\/p>\n<p>4. Uczestnicy GameJamPlus Poland zorganizuj\u0105 sprz\u0119t komputerowy na potrzeby swojego udzia\u0142u w Wydarzeniu we w\u0142asnym zakresie.<\/p>\n<p>5. Organizator wspiera networking i nawi\u0105zywanie kontakt\u00f3w biznesowych podczas Wydarzenia.<\/p>\n<p>6. Zarejestrowany uczestnik mo\u017ce otrzyma\u0107 podczas Wydarzenia materia\u0142y informacyjne, gad\u017cety reklamowe.<\/p>\n<p>&nbsp;<\/p>\n<p>[\/et_pb_text][et_pb_divider _builder_version=&#8221;4.18.0&#8243; _module_preset=&#8221;default&#8221; global_colors_info=&#8221;{}&#8221;][\/et_pb_divider][et_pb_text admin_label=&#8221;description&#8221; _builder_version=&#8221;4.27.4&#8243; text_font=&#8221;||||||||&#8221; text_font_size=&#8221;20px&#8221; text_line_height=&#8221;1.8em&#8221; max_width_tablet=&#8221;89%&#8221; max_width_phone=&#8221;97%&#8221; max_width_last_edited=&#8221;off|desktop&#8221; custom_margin=&#8221;30px|||&#8221; custom_padding=&#8221;|||&#8221; global_colors_info=&#8221;{}&#8221;]<\/p>\n<h1><strong>Przebieg Game Jamu<\/strong><\/h1>\n<p><span><\/span><\/p>\n<p>1. GameJamPlus Poland rozpocznie si\u0119 w dniu 14 listopada 2025r. o godzinie 17:00, a zako\u0144czy w dniu 16 listopada 2025r. o godzinie 19:00.<\/p>\n<p>2. Organizator w trakcie Wydarzenia b\u0119dzie utrzymywa\u0142 kontakt z uczestnikami poprzez:<br \/>a) platform\u0119 do komunikacji &#8211; Discord;<br \/>b) wiadomo\u015bci email;<\/p>\n<p>3. W pozosta\u0142ym zakresie, ka\u017cdy Uczestnik jest zobowi\u0105zany do korzystania z w\u0142asnego sprz\u0119tu oraz innych niezb\u0119dnych mu do udzia\u0142u w Wydarzeniu narz\u0119dzi.<\/p>\n<p>4. Uczestnicy przed godzin\u0105 17:00 16 listopada 2025 powinni udost\u0119pni\u0107 swoje gry na <a href=\"https:\/\/itch.io\">https:\/\/itch.io<\/a> oraz na platformie GameJamPlus.<\/p>\n<p>5. Prezentacja projekt\u00f3w stworzonych przez poszczeg\u00f3lne zespo\u0142y odb\u0119dzie si\u0119 w dniu 16 listopada 2025r. w godzinach 17:00 \u2013 19:00.<\/p>\n<p>&nbsp;<\/p>\n<p>[\/et_pb_text][et_pb_divider _builder_version=&#8221;4.18.0&#8243; _module_preset=&#8221;default&#8221; global_colors_info=&#8221;{}&#8221;][\/et_pb_divider][et_pb_text admin_label=&#8221;description&#8221; _builder_version=&#8221;4.22.2&#8243; text_font=&#8221;||||||||&#8221; text_font_size=&#8221;20px&#8221; text_line_height=&#8221;1.8em&#8221; max_width_tablet=&#8221;89%&#8221; max_width_phone=&#8221;97%&#8221; max_width_last_edited=&#8221;off|desktop&#8221; custom_margin=&#8221;30px|||&#8221; custom_padding=&#8221;|||&#8221; global_colors_info=&#8221;{}&#8221;]<\/p>\n<h1><strong>Kwalifikacja do kolejnego etapu GameJamPlus<\/strong><\/h1>\n<p><span><\/span><\/p>\n<p>1. Pierwszy etap GameJamPlus, czyli wydarzenia krajowe maj\u0105 charakter nie-kompetetywny. Nale\u017cy to rozumie\u0107 i\u017c ka\u017cdy zesp\u00f3\u0142, kt\u00f3ry zg\u0142osi poprawny projekt, zostanie zakwalifikowany do kolejnego etapu GameJamPlus, czyli Akceleracji.<\/p>\n<p>2. Organizator zastrzega sobie mo\u017cliwo\u015b\u0107 oceny zg\u0142oszonych projekt\u00f3w, a tak\u017ce przekazanie nagr\u00f3d lub wsparcia najlepszym zespo\u0142om.<\/p>\n<p>3. Poprawne zg\u0142oszenie projektu powinno spe\u0142nia\u0107 nast\u0119puj\u0105ce wymagania:<br \/>\na) Projekt musi spe\u0142nia\u0107 wymagania maratonu GameJamPlus;<br \/>\nb) Projekt musi zosta\u0107 dostarczony w wyznaczonym czasie;<br \/>\nc) Projekt musi zawiera\u0107 Build Gry i powinien by\u0107 dost\u0119pny na stronie <a href=\"https:\/\/itch.io\" target=\"_blank\" rel=\"noopener\">https:\/\/itch.io<\/a>;<br \/>\nc) Prezentacja projektu powinna by\u0107 dost\u0119pna na platformie <a href=\"https:\/\/youtube.com\" target=\"_blank\" rel=\"noopener\">YouTube<\/a>;<br \/>\nd) Projekt musi zosta\u0107 zg\u0142oszony poprzez oficjaln\u0105 platform\u0119 GameJamPlus.<\/p>\n<p>&nbsp;[\/et_pb_text][et_pb_divider _builder_version=&#8221;4.18.0&#8243; _module_preset=&#8221;default&#8221; global_colors_info=&#8221;{}&#8221;][\/et_pb_divider][et_pb_text admin_label=&#8221;description&#8221; _builder_version=&#8221;4.22.2&#8243; text_font=&#8221;||||||||&#8221; text_font_size=&#8221;20px&#8221; text_line_height=&#8221;1.8em&#8221; max_width_tablet=&#8221;89%&#8221; max_width_phone=&#8221;97%&#8221; max_width_last_edited=&#8221;off|desktop&#8221; custom_margin=&#8221;30px|||&#8221; custom_padding=&#8221;|||&#8221; global_colors_info=&#8221;{}&#8221;]<\/p>\n<h1><strong>W\u0142asno\u015b\u0107 Intelektualna<\/strong><\/h1>\n<p><span><\/span><\/p>\n<p>1. W\u0142asno\u015b\u0107 intelektualna oraz prawa autorskie zg\u0142oszonych projekt\u00f3w w ramach GameJamPlus b\u0119d\u0105 traktowane jako publikacje w ramach licencji Creative Commons Attribution-NoDerivatives 4.0 International (CC BY-ND 4.0) (<a href=\"https:\/\/creativecommons.org\/licenses\/by-nd\/4.0\/\" target=\"_blank\" rel=\"noopener\">Podgl\u0105d<\/a>), co pozwoli Organizatorowi i jego partnerom na udost\u0119pnianie, publikowanie oraz kopiowanie zg\u0142oszonych gier w dowolnym medium lub formacie bez ich modyfikowania lub pochodnych.<\/p>\n<p>2. Uczestnik po\u015bwiadcza, i\u017c jest autorem lub wsp\u00f3\u0142autorem wszelkich prac wykonanych podczas GameJamPlus Poland oraz, \u017ce te prace nie naruszaj\u0105 jakichkolwiek praw os\u00f3b trzecich.<\/p>\n<p>3. Uczestnik o\u015bwiadcza, i\u017c bierze na siebie wszelk\u0105 odpowiedzialno\u015b\u0107 z tytu\u0142u roszcze\u0144 os\u00f3b trzecich kierowanych wobec Organizatora, kt\u00f3re powsta\u0142yby w zwi\u0105zku z udzia\u0142em w Wydarzeniu.<\/p>\n<p>4. Uczestnik zgadza si\u0119 na wykorzystanie powsta\u0142ych w trakcie GameJamPlus Poland projekt\u00f3w (w szczeg\u00f3lno\u015bci prezentacji, zdj\u0119\u0107, zrzut\u00f3w ekran\u00f3w) przez Organizatora i Partner\u00f3w w celach promocyjnych bez ogranicze\u0144 czasowych i terytorialnych.<\/p>\n<p>&nbsp;[\/et_pb_text][et_pb_divider _builder_version=&#8221;4.18.0&#8243; _module_preset=&#8221;default&#8221; global_colors_info=&#8221;{}&#8221;][\/et_pb_divider][et_pb_text admin_label=&#8221;description&#8221; _builder_version=&#8221;4.22.2&#8243; text_font=&#8221;||||||||&#8221; text_font_size=&#8221;20px&#8221; text_line_height=&#8221;1.8em&#8221; max_width_tablet=&#8221;89%&#8221; max_width_phone=&#8221;97%&#8221; max_width_last_edited=&#8221;off|desktop&#8221; custom_margin=&#8221;30px|||&#8221; custom_padding=&#8221;|||&#8221; global_colors_info=&#8221;{}&#8221;]<\/p>\n<h1><strong>Ochrona Praw Osobowych<\/strong><\/h1>\n<p><span><\/span><\/p>\n<p>Dane osobowe b\u0119d\u0105 przetwarzane przez Fundacj\u0119 Lublin GameDev w celu realizacji wydarzenia GameJamPlus Poland na podstawie Polityki Prywatno\u015bci dost\u0119pnej na stronie internetowej <a href=\"https:\/\/www.lublin-gamedev.pl\/en\/privacy-policy\/\" target=\"_blank\" rel=\"noopener\">https:\/\/www.lublin-gamedev.pl\/privacy-policy<\/a>.<\/p>\n<p>&nbsp;[\/et_pb_text][et_pb_divider _builder_version=&#8221;4.18.0&#8243; _module_preset=&#8221;default&#8221; global_colors_info=&#8221;{}&#8221;][\/et_pb_divider][et_pb_text admin_label=&#8221;description&#8221; _builder_version=&#8221;4.22.2&#8243; text_font=&#8221;||||||||&#8221; text_font_size=&#8221;20px&#8221; text_line_height=&#8221;1.8em&#8221; max_width_tablet=&#8221;89%&#8221; max_width_phone=&#8221;97%&#8221; max_width_last_edited=&#8221;off|desktop&#8221; custom_margin=&#8221;30px|||&#8221; custom_padding=&#8221;|||&#8221; global_colors_info=&#8221;{}&#8221;]<\/p>\n<h1><strong>Zgoda na wykorzystanie wizerunku<\/strong><\/h1>\n<p><span><\/span><\/p>\n<p>Uczestnik bior\u0105c udzia\u0142 w Wydarzeniu, zgadza si\u0119 na wykorzystanie jego wizerunku (zdj\u0119cia, filmy, relacje, itp.) w celach promocyjnych zwi\u0105zanych z GameJamPlus Poland.<\/p>\n<p>&nbsp;[\/et_pb_text][et_pb_divider _builder_version=&#8221;4.18.0&#8243; _module_preset=&#8221;default&#8221; global_colors_info=&#8221;{}&#8221;][\/et_pb_divider][et_pb_text admin_label=&#8221;description&#8221; _builder_version=&#8221;4.27.4&#8243; text_font=&#8221;||||||||&#8221; text_font_size=&#8221;20px&#8221; text_line_height=&#8221;1.8em&#8221; max_width_tablet=&#8221;89%&#8221; max_width_phone=&#8221;97%&#8221; max_width_last_edited=&#8221;off|desktop&#8221; custom_margin=&#8221;30px|||&#8221; custom_padding=&#8221;|||&#8221; hover_enabled=&#8221;0&#8243; global_colors_info=&#8221;{}&#8221; sticky_enabled=&#8221;0&#8243;]<\/p>\n<h1><strong>Odpowiedzialno\u015b\u0107 Uczestnik\u00f3w<\/strong><\/h1>\n<p><span><\/span><\/p>\n<p>1. Uczestnicy maj\u0105 obowi\u0105zek zapozna\u0107 si\u0119 z niniejszym Regulaminem.<\/p>\n<p>2. Uczestnicy maj\u0105 obowi\u0105zek zapozna\u0107 si\u0119 z Regulaminem GameJamPlus, kt\u00f3ry jest dost\u0119pny pod adresem: <a href=\"https:\/\/docs.google.com\/document\/d\/1JgmXgFptEVOsE4xeftkj3oQG8vdLKXYfRBp5TsZ_8Y0\/edit?usp=sharing\" target=\"_blank\" rel=\"noopener\">[EN] GJ+ 25\/26 &#8211; Survival Guide | Jammer<\/a><\/p>\n<p>&nbsp;[\/et_pb_text][et_pb_divider _builder_version=&#8221;4.18.0&#8243; _module_preset=&#8221;default&#8221; global_colors_info=&#8221;{}&#8221;][\/et_pb_divider][et_pb_text admin_label=&#8221;description&#8221; _builder_version=&#8221;4.22.2&#8243; text_font=&#8221;||||||||&#8221; text_font_size=&#8221;20px&#8221; text_line_height=&#8221;1.8em&#8221; max_width_tablet=&#8221;89%&#8221; max_width_phone=&#8221;97%&#8221; max_width_last_edited=&#8221;off|desktop&#8221; custom_margin=&#8221;30px|||&#8221; custom_padding=&#8221;|||&#8221; global_colors_info=&#8221;{}&#8221;]<\/p>\n<h1><strong>Postanowienia ko\u0144cowe<\/strong><\/h1>\n<p><span><\/span><\/p>\n<p>1. Organizator zastrzega sobie prawo \u2013 w przypadku zaistnienia okoliczno\u015bci od niego niezale\u017cnych do odwo\u0142ania, lub prze\u0142o\u017cenia Wydarzenia.<\/p>\n<p>2. W sprawach nieuregulowanych niniejszym Regulaminem stosuje si\u0119 odpowiednio przepisy Kodeksu Cywilnego.<\/p>\n<p>3. Akceptacja Regulaminu Wydarzenia stanowi jednoczesn\u0105 zgod\u0119 z polityk\u0105 prywatno\u015bci serwis\u00f3w fundacji Lublin GameDev.<\/p>\n<p>4. Po og\u0142oszeniu przez Organizatora zmian w Regulaminie ka\u017cdy uczestnik, kt\u00f3ry wype\u0142ni\u0142 formularz rejestracyjny powinien niezw\u0142ocznie zapozna\u0107 si\u0119 ze zmianami. W przypadku braku akceptacji zmian Regulaminu Uczestnik powinien pisemnie powiadomi\u0107 Organizatora o takiej decyzji \u015brodkami komunikacji elektronicznej na adres <a href=\"mailto:kontakt@lublin-gamedev.pl\">kontakt@lublin-gamedev.pl<\/a>. O\u015bwiadczenie to powinno dotrze\u0107 do Organizatora najp\u00f3\u017aniej w terminie 7 dni od wej\u015bcia w \u017cycie zmienionego Regulaminu. Je\u017celi Organizator nie otrzyma o\u015bwiadczenia Uczestnika o braku akceptacji zmian Regulaminu w podanym wy\u017cej terminie, przyjmuje si\u0119, \u017ce Uczestnik zaakceptowa\u0142 zmieniony Regulamin.<\/p>\n<p>5. Niniejszy Regulamin wchodzi w \u017cycie z dniem 25.10.2025r.<\/p>\n<p>&nbsp;<\/p>\n<p>[\/et_pb_text][\/et_pb_column][et_pb_column type=&#8221;1_3&#8243; _builder_version=&#8221;4.16&#8243; custom_padding=&#8221;|||&#8221; global_colors_info=&#8221;{}&#8221; custom_padding__hover=&#8221;|||&#8221;][\/et_pb_column][\/et_pb_row][\/et_pb_section]<\/p>","protected":false},"excerpt":{"rendered":"<p>Regulamin GameJamPlus PolandRegulamin konkursu GameJamPlus PolandRegulamin GameJamPlus Globalny Regulamin GameJamPlus ([EN] GJ+ 25\/26 &#8211; Survival Guide | Jammer) ma zostosowanie do aspekt\u00f3w nie okre\u015blonych przez Regulamin GameJamPlus Poland. &nbsp;Postanowienia og\u00f3lne 1. Postanowienia niniejszego regulaminu maj\u0105 zastosowanie wobec wydarzenia GameJamPlus Poland, kt\u00f3rego Organizatorem jest Fundacja Lublin GameDev z siedzib\u0105 w Lublinie przy ul. Wojciechowskiej 14\/2, 20-704 [&hellip;]<\/p>","protected":false},"author":2,"featured_media":0,"parent":0,"menu_order":0,"comment_status":"closed","ping_status":"closed","template":"","meta":{"_et_pb_use_builder":"on","_et_pb_old_content":"","_et_gb_content_width":"","om_disable_all_campaigns":false,"_monsterinsights_skip_tracking":false,"_monsterinsights_sitenote_active":false,"_monsterinsights_sitenote_note":"","_monsterinsights_sitenote_category":0,"footnotes":""},"class_list":["post-222","page","type-page","status-publish","hentry"],"aioseo_notices":[],"_links":{"self":[{"href":"https:\/\/www.lublin-gamedev.pl\/en\/wp-json\/wp\/v2\/pages\/222","targetHints":{"allow":["GET"]}}],"collection":[{"href":"https:\/\/www.lublin-gamedev.pl\/en\/wp-json\/wp\/v2\/pages"}],"about":[{"href":"https:\/\/www.lublin-gamedev.pl\/en\/wp-json\/wp\/v2\/types\/page"}],"author":[{"embeddable":true,"href":"https:\/\/www.lublin-gamedev.pl\/en\/wp-json\/wp\/v2\/users\/2"}],"replies":[{"embeddable":true,"href":"https:\/\/www.lublin-gamedev.pl\/en\/wp-json\/wp\/v2\/comments?post=222"}],"version-history":[{"count":12,"href":"https:\/\/www.lublin-gamedev.pl\/en\/wp-json\/wp\/v2\/pages\/222\/revisions"}],"predecessor-version":[{"id":569,"href":"https:\/\/www.lublin-gamedev.pl\/en\/wp-json\/wp\/v2\/pages\/222\/revisions\/569"}],"wp:attachment":[{"href":"https:\/\/www.lublin-gamedev.pl\/en\/wp-json\/wp\/v2\/media?parent=222"}],"curies":[{"name":"wp","href":"https:\/\/api.w.org\/{rel}","templated":true}]}}